{"id":560,"date":"2025-08-01T18:24:50","date_gmt":"2025-08-01T18:24:50","guid":{"rendered":"https:\/\/www.iessa.edu.br\/site\/?page_id=560"},"modified":"2025-08-01T19:06:33","modified_gmt":"2025-08-01T19:06:33","slug":"pedagogia-2-3","status":"publish","type":"page","link":"https:\/\/www.iessa.edu.br\/site\/pedagogia-2-3\/","title":{"rendered":"Ouvidoria"},"content":{"rendered":"\t\t<div data-elementor-type=\"wp-page\" data-elementor-id=\"560\" class=\"elementor elementor-560\" data-elementor-post-type=\"page\">\n\t\t\t\t<div class=\"elementor-element elementor-element-9484fd6 e-con-full e-flex e-con e-parent\" data-id=\"9484fd6\" data-element_type=\"container\" data-settings=\"{&quot;background_background&quot;:&quot;classic&quot;}\">\n\t\t<div class=\"elementor-element elementor-element-96e32c5 e-con-full e-flex e-con e-child\" data-id=\"96e32c5\" data-element_type=\"container\">\n\t\t\t\t<div class=\"elementor-element elementor-element-73711a3 elementor-widget elementor-widget-heading\" data-id=\"73711a3\" data-element_type=\"widget\" data-widget_type=\"heading.default\">\n\t\t\t\t\t<h1 class=\"elementor-heading-title elementor-size-default\">Ouvidoria<\/h1>\t\t\t\t<\/div>\n\t\t\t\t<\/div>\n\t\t<div class=\"elementor-element elementor-element-c409378 e-con-full e-flex e-con e-child\" data-id=\"c409378\" data-element_type=\"container\">\n\t\t\t\t<\/div>\n\t\t\t\t<\/div>\n\t\t<div class=\"elementor-element elementor-element-116743b e-flex e-con-boxed e-con e-parent\" data-id=\"116743b\" data-element_type=\"container\">\n\t\t\t\t\t<div class=\"e-con-inner\">\n\t\t<div class=\"elementor-element elementor-element-0baecdb e-con-full e-flex e-con e-child\" data-id=\"0baecdb\" data-element_type=\"container\">\n\t\t\t\t<div class=\"elementor-element elementor-element-594aa36 elementor-widget elementor-widget-text-editor\" data-id=\"594aa36\" data-element_type=\"widget\" data-widget_type=\"text-editor.default\">\n\t\t\t\t\t\t\t\t\t<p data-start=\"210\" data-end=\"527\">A <strong data-start=\"212\" data-end=\"247\">Ouvidoria da Faculdade Sant\u2019Ana<\/strong> \u00e9 um canal direto de comunica\u00e7\u00e3o entre a comunidade acad\u00eamica e a Institui\u00e7\u00e3o. Seu principal objetivo \u00e9 <strong data-start=\"352\" data-end=\"400\">acolher, analisar e encaminhar manifesta\u00e7\u00f5es<\/strong> como sugest\u00f5es, elogios, cr\u00edticas, d\u00favidas e reclama\u00e7\u00f5es, garantindo que cada voz seja ouvida com respeito e responsabilidade.<\/p><p data-start=\"529\" data-end=\"749\">Aberta a alunos, professores, colaboradores e \u00e0 comunidade externa, a Ouvidoria atua com <strong data-start=\"618\" data-end=\"660\">imparcialidade, sigilo e transpar\u00eancia<\/strong>, buscando solu\u00e7\u00f5es justas e melhorias cont\u00ednuas nos servi\u00e7os e processos institucionais.<\/p><p data-start=\"751\" data-end=\"838\">Aqui, sua opini\u00e3o tem valor. Acreditamos que ouvir \u00e9 o primeiro passo para transformar.<\/p>\t\t\t\t\t\t\t\t<\/div>\n\t\t\t\t<\/div>\n\t\t\t\t\t<\/div>\n\t\t\t\t<\/div>\n\t\t<div class=\"elementor-element elementor-element-afefab6 e-con-full e-flex e-con e-parent\" data-id=\"afefab6\" data-element_type=\"container\" data-settings=\"{&quot;background_background&quot;:&quot;classic&quot;}\">\n\t\t\t\t<div class=\"elementor-element elementor-element-2034329 elementor-widget elementor-widget-heading\" data-id=\"2034329\" data-element_type=\"widget\" data-widget_type=\"heading.default\">\n\t\t\t\t\t<h2 class=\"elementor-heading-title elementor-size-default\">Entre em contato atrav\u00e9s de nosso formul\u00e1rio<\/h2>\t\t\t\t<\/div>\n\t\t\t\t<\/div>\n\t\t<div class=\"elementor-element elementor-element-d161ac8 e-con-full e-flex e-con e-parent\" data-id=\"d161ac8\" data-element_type=\"container\" data-settings=\"{&quot;background_background&quot;:&quot;classic&quot;}\">\n\t\t<div class=\"elementor-element elementor-element-b661979 e-grid e-con-boxed e-con e-child\" data-id=\"b661979\" data-element_type=\"container\">\n\t\t\t\t\t<div class=\"e-con-inner\">\n\t\t\t\t<div class=\"elementor-element elementor-element-a3292d4 elementor-widget elementor-widget-metform\" data-id=\"a3292d4\" data-element_type=\"widget\" data-widget_type=\"metform.default\">\n\t\t\t\t\t<div id=\"mf-response-props-id-564\" data-previous-steps-style=\"\" data-editswitchopen=\"\" data-response_type=\"alert\" data-erroricon=\"fas fa-exclamation-triangle\" data-successicon=\"fas fa-check\" data-messageposition=\"top\" class=\"   mf-scroll-top-no\">\n\t\t<div class=\"formpicker_warper formpicker_warper_editable\" data-metform-formpicker-key=\"564\" >\n\t\t\t\t\n\t\t\t<div class=\"mf-widget-container\">\n\t\t\t\t\r\n\t\t<div\r\n\t\t\tid=\"metform-wrap-a3292d4-564\"\r\n\t\t\tclass=\"mf-form-wrapper\"\r\n\t\t\tdata-form-id=\"564\"\r\n\t\t\tdata-action=\"https:\/\/www.iessa.edu.br\/site\/wp-json\/metform\/v1\/entries\/insert\/564\"\r\n\t\t\tdata-wp-nonce=\"cdc7755612\"\r\n\t\t\tdata-form-nonce=\"98f022baf5\"\r\n\t\t\tdata-quiz-summery = \"false\"\r\n\t\t\tdata-save-progress = \"false\"\r\n\t\t\tdata-form-type=\"general-form\"\r\n\t\t\tdata-stop-vertical-effect=\"\"\r\n\t\t\t><\/div>\r\n\r\n\r\n\t\t<!----------------------------- \r\n\t\t\t* controls_data : find the the props passed indie of data attribute\r\n\t\t\t* props.SubmitResponseMarkup : contains the markup of error or success message\r\n\t\t\t* https:\/\/developer.mozilla.org\/en-US\/docs\/Web\/JavaScript\/Reference\/Template_literals\r\n\t\t--------------------------- -->\r\n\r\n\t\t\t\t<script type=\"text\/mf\" class=\"mf-template\">\r\n\t\t\tfunction controls_data (value){\r\n\t\t\t\tlet currentWrapper = \"mf-response-props-id-564\";\r\n\t\t\t\tlet currentEl = document.getElementById(currentWrapper);\r\n\t\t\t\t\r\n\t\t\t\treturn currentEl ? currentEl.dataset[value] : false\r\n\t\t\t}\r\n\r\n\r\n\t\t\tlet is_edit_mode = '' ? true : false;\r\n\t\t\tlet message_position = controls_data('messageposition') || 'top';\r\n\r\n\t\t\t\r\n\t\t\tlet message_successIcon = controls_data('successicon') || '';\r\n\t\t\tlet message_errorIcon = controls_data('erroricon') || '';\r\n\t\t\tlet message_editSwitch = controls_data('editswitchopen') === 'yes' ? true : false;\r\n\t\t\tlet message_proClass = controls_data('editswitchopen') === 'yes' ? 'mf_pro_activated' : '';\r\n\t\t\t\r\n\t\t\tlet is_dummy_markup = is_edit_mode && message_editSwitch ? true : false;\r\n\r\n\t\t\t\r\n\t\t\treturn html`\r\n\t\t\t\t<form\r\n\t\t\t\t\tclassName=\"metform-form-content\"\r\n\t\t\t\t\tref=${parent.formContainerRef}\r\n\t\t\t\t\tonSubmit=${ validation.handleSubmit( parent.handleFormSubmit ) }\r\n\t\t\t\t\r\n\t\t\t\t\t>\r\n\t\t\t\r\n\t\t\t\r\n\t\t\t\t\t${is_dummy_markup ? message_position === 'top' ?  props.ResponseDummyMarkup(message_successIcon, message_proClass) : '' : ''}\r\n\t\t\t\t\t${is_dummy_markup ? ' ' :  message_position === 'top' ? props.SubmitResponseMarkup`${parent}${state}${message_successIcon}${message_errorIcon}${message_proClass}` : ''}\r\n\r\n\t\t\t\t\t<!--------------------------------------------------------\r\n\t\t\t\t\t*** IMPORTANT \/ DANGEROUS ***\r\n\t\t\t\t\t${html``} must be used as in immediate child of \"metform-form-main-wrapper\"\r\n\t\t\t\t\tclass otherwise multistep form will not run at all\r\n\t\t\t\t\t---------------------------------------------------------->\r\n\r\n\t\t\t\t\t<div className=\"metform-form-main-wrapper\" key=${'hide-form-after-submit'} ref=${parent.formRef}>\r\n\t\t\t\t\t${html`\r\n\t\t\t\t\t\t\t\t<div data-elementor-type=\"wp-post\" key=\"2\" data-elementor-id=\"564\" className=\"elementor elementor-564\" data-elementor-post-type=\"metform-form\">\n\t\t\t\t<div className=\"elementor-element elementor-element-9ab2de3 e-flex e-con-boxed e-con e-parent\" data-id=\"9ab2de3\" data-element_type=\"container\">\n\t\t\t\t\t<div className=\"e-con-inner\">\n\t\t\t\t<div className=\"elementor-element elementor-element-28f1915 elementor-widget elementor-widget-mf-text\" data-id=\"28f1915\" data-element_type=\"widget\" data-settings=\"{&quot;mf_input_name&quot;:&quot;mf-text&quot;}\" data-widget_type=\"mf-text.default\">\n\t\t\t\t\t\r\n\t\t<div className=\"mf-input-wrapper\">\r\n\t\t\t\t\t\t\t<label className=\"mf-input-label\" htmlFor=\"mf-input-text-28f1915\">\r\n\t\t\t\t\t${ parent.decodeEntities(`Nome`) } \t\t\t\t\t<span className=\"mf-input-required-indicator\"><\/span>\r\n\t\t\t\t<\/label>\r\n\t\t\t\r\n\t\t\t<input\r\n\t\t\t\ttype=\"text\"\r\n\t\t\t\tclassName=\"mf-input \"\r\n\t\t\t\tid=\"mf-input-text-28f1915\"\r\n\t\t\t\tname=\"mf-text\"\r\n\t\t\t\tplaceholder=\"${ parent.decodeEntities(``) } \"\r\n\t\t\t\t\t\t\t\t\tonInput=${parent.handleChange}\r\n\t\t\t\t\tonBlur=${parent.handleChange}\r\n\t\t\t\t\taria-invalid=${validation.errors['mf-text'] ? 'true' : 'false'}\r\n\t\t\t\t\tref=${el =>{\r\n\t\t\t\t\t\t\t\t\t\t\t\tparent.activateValidation({\"message\":\"This field is required.\",\"minLength\":1,\"maxLength\":\"\",\"type\":\"none\",\"required\":false,\"expression\":\"null\"}, el)\r\n\t\t\t\t\t}}\r\n\t\t\t\t\t\t\t\t\/>\r\n\r\n\t\t\t\t\t\t\t<${validation.ErrorMessage}\r\n\t\t\t\t\terrors=${validation.errors}\r\n\t\t\t\t\tname=\"mf-text\"\r\n\t\t\t\t\tas=${html`<span className=\"mf-error-message\"><\/span>`}\r\n\t\t\t\t\t\/>\r\n\t\t\t\r\n\t\t\t\t\t<\/div>\r\n\r\n\t\t\t\t\t\t<\/div>\n\t\t\t\t\t<\/div>\n\t\t\t\t<\/div>\n\t\t<div className=\"elementor-element elementor-element-c4aa2d1 e-flex e-con-boxed e-con e-parent\" data-id=\"c4aa2d1\" data-element_type=\"container\">\n\t\t\t\t\t<div className=\"e-con-inner\">\n\t\t<div className=\"elementor-element elementor-element-ce4f441 e-con-full e-flex e-con e-child\" data-id=\"ce4f441\" data-element_type=\"container\">\n\t\t\t\t<div className=\"elementor-element elementor-element-161fcb6 elementor-widget elementor-widget-mf-telephone\" data-id=\"161fcb6\" data-element_type=\"widget\" data-settings=\"{&quot;mf_input_name&quot;:&quot;mf-telephone&quot;}\" data-widget_type=\"mf-telephone.default\">\n\t\t\t\t\t\n\t\t<div className=\"mf-input-wrapper\">\n\t\t\t\t\t\t\t<label className=\"mf-input-label\" htmlFor=\"mf-input-telephone-161fcb6\">\n\t\t\t\t\t${ parent.decodeEntities(`Fone \/ Whatsapp`) } \t\t\t\t\t<span className=\"mf-input-required-indicator\"><\/span>\n\t\t\t\t<\/label>\n\t\t\t\n\t\t\t<input\n\t\t\t\ttype=\"tel\"\n\t\t\t\tclassName=\"mf-input \"\n\t\t\t\tid=\"mf-input-telephone-161fcb6\" \n\t\t\t\tname=\"mf-telephone\"\n\t\t\t\tplaceholder=\"${ parent.decodeEntities(``) } \"\n\t\t\t\t\t\t\t\t\tonInput=${parent.handleChange}\n\t\t\t\t\taria-invalid=${validation.errors['mf-telephone'] ? 'true' : 'false'}\n\t\t\t\t\tref=${el => parent.activateValidation({\"message\":\"This field is required.\",\"minLength\":1,\"maxLength\":\"\",\"type\":\"none\",\"required\":false,\"expression\":\"null\"}, el)}\n\t\t\t\t\t\t\t\t\/>\n\t\t\t\n\t\t\t\t\t\t\t<${validation.ErrorMessage}\n\t\t\t\t\terrors=${validation.errors}\n\t\t\t\t\tname=\"mf-telephone\"\n\t\t\t\t\tas=${html`<span className=\"mf-error-message\"><\/span>`}\n\t\t\t\t\t\/>\n\t\t\t\n\t\t\t\n\t\t<\/div>\n\n\t\t\t\t\t\t<\/div>\n\t\t\t\t<\/div>\n\t\t<div className=\"elementor-element elementor-element-0c77ae0 e-con-full e-flex e-con e-child\" data-id=\"0c77ae0\" data-element_type=\"container\">\n\t\t\t\t<div className=\"elementor-element elementor-element-588778b elementor-widget elementor-widget-mf-email\" data-id=\"588778b\" data-element_type=\"widget\" data-settings=\"{&quot;mf_input_name&quot;:&quot;mf-email&quot;}\" data-widget_type=\"mf-email.default\">\n\t\t\t\t\t\r\n\t\t<div className=\"mf-input-wrapper\">\r\n\t\t\t\t\t\t\t<label className=\"mf-input-label\" htmlFor=\"mf-input-email-588778b\">\r\n\t\t\t\t\t${ parent.decodeEntities(`Email`) } \t\t\t\t\t<span className=\"mf-input-required-indicator\"><\/span>\r\n\t\t\t\t<\/label>\r\n\t\t\t\r\n\t\t\t<input \r\n\t\t\t\ttype=\"email\" \r\n\t\t\t\t \r\n\t\t\t\tdefaultValue=\"\" \r\n\t\t\t\tclassName=\"mf-input \" \r\n\t\t\t\tid=\"mf-input-email-588778b\" \r\n\t\t\t\tname=\"mf-email\" \r\n\t\t\t\tplaceholder=\"${ parent.decodeEntities(`email@dominio.com`) } \" \r\n\t\t\t\t \r\n\t\t\t\tonBlur=${parent.handleChange} onFocus=${parent.handleChange} aria-invalid=${validation.errors['mf-email'] ? 'true' : 'false' } \r\n\t\t\t\tref=${el=> parent.activateValidation({\"message\":\"This field is required.\",\"emailMessage\":\"Please enter a valid Email address\",\"minLength\":1,\"maxLength\":\"\",\"type\":\"none\",\"required\":false,\"expression\":\"null\"}, el)}\r\n\t\t\t\t\t\t\t\/>\r\n\r\n\t\t\t\t\t\t<${validation.ErrorMessage} \r\n\t\t\t\terrors=${validation.errors} \r\n\t\t\t\tname=\"mf-email\" \r\n\t\t\t\tas=${html`<span className=\"mf-error-message\"><\/span>`}\r\n\t\t\t\/>\r\n\t\t\t\r\n\t\t\t\t\t<\/div>\r\n\r\n\t\t\t\t<\/div>\n\t\t\t\t<\/div>\n\t\t\t\t\t<\/div>\n\t\t\t\t<\/div>\n\t\t<div className=\"elementor-element elementor-element-f22164b e-flex e-con-boxed e-con e-parent\" data-id=\"f22164b\" data-element_type=\"container\">\n\t\t\t\t\t<div className=\"e-con-inner\">\n\t\t\t\t<div className=\"elementor-element elementor-element-339e949 elementor-widget elementor-widget-mf-text\" data-id=\"339e949\" data-element_type=\"widget\" data-settings=\"{&quot;mf_input_name&quot;:&quot;mf-text&quot;}\" data-widget_type=\"mf-text.default\">\n\t\t\t\t\t\r\n\t\t<div className=\"mf-input-wrapper\">\r\n\t\t\t\t\t\t\t<label className=\"mf-input-label\" htmlFor=\"mf-input-text-339e949\">\r\n\t\t\t\t\t${ parent.decodeEntities(`Assunto`) } \t\t\t\t\t<span className=\"mf-input-required-indicator\"><\/span>\r\n\t\t\t\t<\/label>\r\n\t\t\t\r\n\t\t\t<input\r\n\t\t\t\ttype=\"text\"\r\n\t\t\t\tclassName=\"mf-input \"\r\n\t\t\t\tid=\"mf-input-text-339e949\"\r\n\t\t\t\tname=\"mf-text\"\r\n\t\t\t\tplaceholder=\"${ parent.decodeEntities(``) } \"\r\n\t\t\t\t\t\t\t\t\tonInput=${parent.handleChange}\r\n\t\t\t\t\tonBlur=${parent.handleChange}\r\n\t\t\t\t\taria-invalid=${validation.errors['mf-text'] ? 'true' : 'false'}\r\n\t\t\t\t\tref=${el =>{\r\n\t\t\t\t\t\t\t\t\t\t\t\tparent.activateValidation({\"message\":\"This field is required.\",\"minLength\":1,\"maxLength\":\"\",\"type\":\"none\",\"required\":false,\"expression\":\"null\"}, el)\r\n\t\t\t\t\t}}\r\n\t\t\t\t\t\t\t\t\/>\r\n\r\n\t\t\t\t\t\t\t<${validation.ErrorMessage}\r\n\t\t\t\t\terrors=${validation.errors}\r\n\t\t\t\t\tname=\"mf-text\"\r\n\t\t\t\t\tas=${html`<span className=\"mf-error-message\"><\/span>`}\r\n\t\t\t\t\t\/>\r\n\t\t\t\r\n\t\t\t\t\t<\/div>\r\n\r\n\t\t\t\t\t\t<\/div>\n\t\t\t\t\t<\/div>\n\t\t\t\t<\/div>\n\t\t<div className=\"elementor-element elementor-element-ec6c04d e-flex e-con-boxed e-con e-parent\" data-id=\"ec6c04d\" data-element_type=\"container\">\n\t\t\t\t\t<div className=\"e-con-inner\">\n\t\t\t\t<div className=\"elementor-element elementor-element-ac830d7 elementor-widget elementor-widget-mf-textarea\" data-id=\"ac830d7\" data-element_type=\"widget\" data-settings=\"{&quot;mf_input_name&quot;:&quot;mf-textarea&quot;}\" data-widget_type=\"mf-textarea.default\">\n\t\t\t\t\t\r\n\t\t<div className=\"mf-input-wrapper\">\r\n\t\t\t\t\t\t\t<label className=\"mf-input-label\" htmlFor=\"mf-input-text-area-ac830d7\">\r\n\t\t\t\t\t${ parent.decodeEntities(`Sua mensagem`) } \t\t\t\t\t<span className=\"mf-input-required-indicator\"><\/span>\r\n\t\t\t\t<\/label>\r\n\t\t\t\r\n\t\t\t<textarea className=\"mf-input mf-textarea \" id=\"mf-input-text-area-ac830d7\"\r\n\t\t\t\tname=\"mf-textarea\" \r\n\t\t\t\tplaceholder=\"${ parent.decodeEntities(``) } \"\r\n\t\t\t\tcols=\"30\" rows=\"10\"\r\n\t\t\t\t\t\t\t\t\tonInput=${ parent.handleChange }\r\n\t\t\t\t\taria-invalid=${validation.errors['mf-textarea'] ? 'true' : 'false'}\r\n\t\t\t\t\tref=${ el => parent.activateValidation({\"message\":\"This field is required.\",\"minLength\":1,\"maxLength\":\"\",\"type\":\"none\",\"required\":false,\"expression\":\"null\"}, el)}\r\n\t\t\t\t\t\t\t\t><\/textarea>\r\n\r\n\t\t\t\t\t\t\t<${validation.ErrorMessage}\r\n\t\t\t\t\terrors=${validation.errors}\r\n\t\t\t\t\tname=\"mf-textarea\"\r\n\t\t\t\t\tas=${html`<span className=\"mf-error-message\"><\/span>`}\r\n\t\t\t\t\t\/>\r\n\t\t\t\t\t\t\t\t<\/div>\r\n\r\n\t\t\t\t\t\t<\/div>\n\t\t\t\t\t<\/div>\n\t\t\t\t<\/div>\n\t\t<div className=\"elementor-element elementor-element-a6d9b1a e-flex e-con-boxed e-con e-parent\" data-id=\"a6d9b1a\" data-element_type=\"container\">\n\t\t\t\t\t<div className=\"e-con-inner\">\n\t\t\t\t<div className=\"elementor-element elementor-element-2ebbff8 elementor-widget elementor-widget-mf-recaptcha\" data-id=\"2ebbff8\" data-element_type=\"widget\" data-widget_type=\"mf-recaptcha.default\">\n\t\t\t\t\t\t\t<div className=\"mf-input-wrapper\">\n\t\t\t\t\t\t\t\t\n\t\t\t\t\t<div id=\"recaptcha_site_key_v3\" data-sitekey=\"6Lc6bZcrAAAAANc0inRJs-_PTRXjHUac8cPr6sI4\"  className=\"recaptcha_site_key_v3 \">\n\t\t\t\t\t\t<input type=\"hidden\" className=\"g-recaptcha-response-v3\" name=\"g-recaptcha-response-v3\" \/>\n\t\t\t\t\t<\/div>\n\t\t\t\t\t\n\t\t\t\t\t\t\t<\/div>\n\n\t\t\t\t\t\t<\/div>\n\t\t\t\t\t<\/div>\n\t\t\t\t<\/div>\n\t\t<div className=\"elementor-element elementor-element-672f7fa e-flex e-con-boxed e-con e-parent\" data-id=\"672f7fa\" data-element_type=\"container\">\n\t\t\t\t\t<div className=\"e-con-inner\">\n\t\t\t\t<div className=\"elementor-element elementor-element-3eec4e3 mf-btn--center elementor-widget elementor-widget-mf-button\" data-id=\"3eec4e3\" data-element_type=\"widget\" data-widget_type=\"mf-button.default\">\n\t\t\t\t\t\t\t<div className=\"mf-btn-wraper \" data-mf-form-conditional-logic-requirement=\"\">\r\n\t\t\t\t\t\t\t<button type=\"submit\" className=\"metform-btn metform-submit-btn \" id=\"\">\r\n\t\t\t\t\t<span>${ parent.decodeEntities(`Enviar`) } <\/span>\r\n\t\t\t\t<\/button>\r\n\t\t\t        <\/div>\r\n        \t\t\t\t<\/div>\n\t\t\t\t\t<\/div>\n\t\t\t\t<\/div>\n\t\t\t\t<\/div>\n\t\t\t\t\t\t\t`}\r\n\t\t\t\t\t<\/div>\r\n\r\n\t\t\t\t\t${is_dummy_markup ? message_position === 'bottom' ? props.ResponseDummyMarkup(message_successIcon, message_proClass) : '' : ''}\r\n\t\t\t\t\t${is_dummy_markup ? ' ' : message_position === 'bottom' ? props.SubmitResponseMarkup`${parent}${state}${message_successIcon}${message_errorIcon}${message_proClass}` : ''}\r\n\t\t\t\t\r\n\t\t\t\t<\/form>\r\n\t\t\t`\r\n\t\t<\/script>\r\n\r\n\t\t\t\t\t<\/div>\n\t\t<\/div>\n\t\t<\/div>\t\t\t\t<\/div>\n\t\t\t\t\t<\/div>\n\t\t\t\t<\/div>\n\t\t\t\t<\/div>\n\t\t<div class=\"elementor-element elementor-element-655d0db e-flex e-con-boxed e-con e-parent\" data-id=\"655d0db\" data-element_type=\"container\">\n\t\t\t\t\t<div class=\"e-con-inner\">\n\t\t\t\t\t<\/div>\n\t\t\t\t<\/div>\n\t\t\t\t<\/div>\n\t\t","protected":false},"excerpt":{"rendered":"<p>Ouvidoria A Ouvidoria da Faculdade Sant\u2019Ana \u00e9 um canal direto de comunica\u00e7\u00e3o entre a comunidade acad\u00eamica e a Institui\u00e7\u00e3o. Seu principal objetivo \u00e9 acolher, analisar e encaminhar manifesta\u00e7\u00f5es como sugest\u00f5es, elogios, cr\u00edticas, d\u00favidas e reclama\u00e7\u00f5es, garantindo que cada voz seja ouvida com respeito e responsabilidade. Aberta a alunos, professores, colaboradores e \u00e0 comunidade externa, a [&hellip;]<\/p>\n","protected":false},"author":1,"featured_media":0,"parent":0,"menu_order":0,"comment_status":"closed","ping_status":"closed","template":"elementor_header_footer","meta":{"_acf_changed":false,"footnotes":""},"class_list":["post-560","page","type-page","status-publish","hentry"],"acf":[],"_links":{"self":[{"href":"https:\/\/www.iessa.edu.br\/site\/wp-json\/wp\/v2\/pages\/560","targetHints":{"allow":["GET"]}}],"collection":[{"href":"https:\/\/www.iessa.edu.br\/site\/wp-json\/wp\/v2\/pages"}],"about":[{"href":"https:\/\/www.iessa.edu.br\/site\/wp-json\/wp\/v2\/types\/page"}],"author":[{"embeddable":true,"href":"https:\/\/www.iessa.edu.br\/site\/wp-json\/wp\/v2\/users\/1"}],"replies":[{"embeddable":true,"href":"https:\/\/www.iessa.edu.br\/site\/wp-json\/wp\/v2\/comments?post=560"}],"version-history":[{"count":9,"href":"https:\/\/www.iessa.edu.br\/site\/wp-json\/wp\/v2\/pages\/560\/revisions"}],"predecessor-version":[{"id":579,"href":"https:\/\/www.iessa.edu.br\/site\/wp-json\/wp\/v2\/pages\/560\/revisions\/579"}],"wp:attachment":[{"href":"https:\/\/www.iessa.edu.br\/site\/wp-json\/wp\/v2\/media?parent=560"}],"curies":[{"name":"wp","href":"https:\/\/api.w.org\/{rel}","templated":true}]}}