{"id":583,"date":"2025-08-01T19:09:38","date_gmt":"2025-08-01T19:09:38","guid":{"rendered":"https:\/\/www.iessa.edu.br\/site\/?page_id=583"},"modified":"2025-08-01T19:14:45","modified_gmt":"2025-08-01T19:14:45","slug":"pedagogia-2-3-2","status":"publish","type":"page","link":"https:\/\/www.iessa.edu.br\/site\/pedagogia-2-3-2\/","title":{"rendered":"Gradua\u00e7\u00e3o"},"content":{"rendered":"\t\t<div data-elementor-type=\"wp-page\" data-elementor-id=\"583\" class=\"elementor elementor-583\" data-elementor-post-type=\"page\">\n\t\t\t\t<div class=\"elementor-element elementor-element-9484fd6 e-con-full e-flex e-con e-parent\" data-id=\"9484fd6\" data-element_type=\"container\" data-settings=\"{&quot;background_background&quot;:&quot;classic&quot;}\">\n\t\t<div class=\"elementor-element elementor-element-96e32c5 e-con-full e-flex e-con e-child\" data-id=\"96e32c5\" data-element_type=\"container\">\n\t\t\t\t<div class=\"elementor-element elementor-element-73711a3 elementor-widget elementor-widget-heading\" data-id=\"73711a3\" data-element_type=\"widget\" data-widget_type=\"heading.default\">\n\t\t\t\t\t<h1 class=\"elementor-heading-title elementor-size-default\">Gradua\u00e7\u00e3o<\/h1>\t\t\t\t<\/div>\n\t\t\t\t<\/div>\n\t\t<div class=\"elementor-element elementor-element-c409378 e-con-full e-flex e-con e-child\" data-id=\"c409378\" data-element_type=\"container\">\n\t\t\t\t<\/div>\n\t\t\t\t<\/div>\n\t\t<div class=\"elementor-element elementor-element-116743b e-flex e-con-boxed e-con e-parent\" data-id=\"116743b\" data-element_type=\"container\">\n\t\t\t\t\t<div class=\"e-con-inner\">\n\t\t<div class=\"elementor-element elementor-element-0baecdb e-con-full e-flex e-con e-child\" data-id=\"0baecdb\" data-element_type=\"container\">\n\t\t\t\t<div class=\"elementor-element elementor-element-594aa36 elementor-widget elementor-widget-text-editor\" data-id=\"594aa36\" data-element_type=\"widget\" data-widget_type=\"text-editor.default\">\n\t\t\t\t\t\t\t\t\t<p data-start=\"236\" data-end=\"597\">A gradua\u00e7\u00e3o na <strong data-start=\"251\" data-end=\"273\">Faculdade Sant\u2019Ana<\/strong> \u00e9 o ponto de partida para quem busca <strong data-start=\"311\" data-end=\"388\">forma\u00e7\u00e3o s\u00f3lida, humanizada e alinhada \u00e0s demandas do mercado de trabalho<\/strong>. Com cursos reconhecidos pelo MEC, estrutura moderna e corpo docente altamente qualificado, oferecemos um ambiente de aprendizado que valoriza a pr\u00e1tica, a pesquisa e o compromisso com a transforma\u00e7\u00e3o social.<\/p><p data-start=\"599\" data-end=\"791\">Aqui, o aluno \u00e9 protagonista da pr\u00f3pria trajet\u00f3ria acad\u00eamica. Nossos cursos de gradua\u00e7\u00e3o preparam profissionais \u00e9ticos, competentes e prontos para atuar com excel\u00eancia nas mais diversas \u00e1reas.<\/p><p data-start=\"793\" data-end=\"869\"><strong data-start=\"793\" data-end=\"869\">Escolha seu curso e d\u00ea o primeiro passo rumo ao seu futuro profissional.<\/strong><\/p>\t\t\t\t\t\t\t\t<\/div>\n\t\t\t\t<\/div>\n\t\t\t\t\t<\/div>\n\t\t\t\t<\/div>\n\t\t<div class=\"elementor-element elementor-element-afefab6 e-con-full e-flex e-con e-parent\" data-id=\"afefab6\" data-element_type=\"container\" data-settings=\"{&quot;background_background&quot;:&quot;classic&quot;}\">\n\t\t\t\t<div class=\"elementor-element elementor-element-2034329 elementor-widget elementor-widget-heading\" data-id=\"2034329\" data-element_type=\"widget\" data-widget_type=\"heading.default\">\n\t\t\t\t\t<h2 class=\"elementor-heading-title elementor-size-default\">Sua jornada come\u00e7a aqui!<\/h2>\t\t\t\t<\/div>\n\t\t\t\t<\/div>\n\t\t<div class=\"elementor-element elementor-element-655d0db e-flex e-con-boxed e-con e-parent\" data-id=\"655d0db\" data-element_type=\"container\">\n\t\t\t\t\t<div class=\"e-con-inner\">\n\t\t<div class=\"elementor-element elementor-element-437edb4 e-con-full e-flex e-con e-child\" data-id=\"437edb4\" data-element_type=\"container\" data-settings=\"{&quot;background_background&quot;:&quot;classic&quot;}\">\n\t\t<div class=\"elementor-element elementor-element-abb2a72 e-con-full e-flex e-con e-child\" data-id=\"abb2a72\" data-element_type=\"container\" data-settings=\"{&quot;background_background&quot;:&quot;classic&quot;}\">\n\t\t\t\t<div class=\"elementor-element elementor-element-1a6f8fe elementor-position-top elementor-widget elementor-widget-image-box\" data-id=\"1a6f8fe\" data-element_type=\"widget\" data-widget_type=\"image-box.default\">\n\t\t\t\t\t<div class=\"elementor-image-box-wrapper\"><figure class=\"elementor-image-box-img\"><a href=\"https:\/\/www.iessa.edu.br\/site\/psicologia\/\" tabindex=\"-1\"><img fetchpriority=\"high\" decoding=\"async\" width=\"300\" height=\"300\" src=\"https:\/\/www.iessa.edu.br\/site\/wp-content\/uploads\/2025\/05\/psicologia-300x300-1.jpg\" class=\"elementor-animation-shrink attachment-full size-full wp-image-63\" alt=\"\" srcset=\"https:\/\/www.iessa.edu.br\/site\/wp-content\/uploads\/2025\/05\/psicologia-300x300-1.jpg 300w, https:\/\/www.iessa.edu.br\/site\/wp-content\/uploads\/2025\/05\/psicologia-300x300-1-150x150.jpg 150w\" sizes=\"(max-width: 300px) 100vw, 300px\" \/><\/a><\/figure><div class=\"elementor-image-box-content\"><h3 class=\"elementor-image-box-title\"><a href=\"https:\/\/www.iessa.edu.br\/site\/psicologia\/\">Psicologia<\/a><\/h3><\/div><\/div>\t\t\t\t<\/div>\n\t\t\t\t<\/div>\n\t\t<div class=\"elementor-element elementor-element-ac2c443 e-con-full e-flex e-con e-child\" data-id=\"ac2c443\" data-element_type=\"container\" data-settings=\"{&quot;background_background&quot;:&quot;classic&quot;}\">\n\t\t\t\t<div class=\"elementor-element elementor-element-fb28de9 elementor-position-top elementor-widget elementor-widget-image-box\" data-id=\"fb28de9\" data-element_type=\"widget\" data-widget_type=\"image-box.default\">\n\t\t\t\t\t<div class=\"elementor-image-box-wrapper\"><figure class=\"elementor-image-box-img\"><a href=\"https:\/\/www.iessa.edu.br\/site\/educacaofisica\/\" tabindex=\"-1\"><img decoding=\"async\" width=\"300\" height=\"300\" src=\"https:\/\/www.iessa.edu.br\/site\/wp-content\/uploads\/2025\/05\/educacao-fisica-300x300-1.jpg\" class=\"elementor-animation-shrink attachment-full size-full wp-image-60\" alt=\"\" srcset=\"https:\/\/www.iessa.edu.br\/site\/wp-content\/uploads\/2025\/05\/educacao-fisica-300x300-1.jpg 300w, https:\/\/www.iessa.edu.br\/site\/wp-content\/uploads\/2025\/05\/educacao-fisica-300x300-1-150x150.jpg 150w\" sizes=\"(max-width: 300px) 100vw, 300px\" \/><\/a><\/figure><div class=\"elementor-image-box-content\"><h3 class=\"elementor-image-box-title\"><a href=\"https:\/\/www.iessa.edu.br\/site\/educacaofisica\/\">Educa\u00e7\u00e3o F\u00edsica<\/a><\/h3><\/div><\/div>\t\t\t\t<\/div>\n\t\t\t\t<\/div>\n\t\t<div class=\"elementor-element elementor-element-abde17f e-con-full e-flex e-con e-child\" data-id=\"abde17f\" data-element_type=\"container\" data-settings=\"{&quot;background_background&quot;:&quot;classic&quot;}\">\n\t\t\t\t<div class=\"elementor-element elementor-element-bfd787d elementor-position-top elementor-widget elementor-widget-image-box\" data-id=\"bfd787d\" data-element_type=\"widget\" data-widget_type=\"image-box.default\">\n\t\t\t\t\t<div class=\"elementor-image-box-wrapper\"><figure class=\"elementor-image-box-img\"><a href=\"https:\/\/www.iessa.edu.br\/site\/fonoaudiologia\/\" tabindex=\"-1\"><img decoding=\"async\" width=\"300\" height=\"300\" src=\"https:\/\/www.iessa.edu.br\/site\/wp-content\/uploads\/2025\/05\/fonoaudiologia-300x300-1.jpg\" class=\"elementor-animation-shrink attachment-full size-full wp-image-61\" alt=\"\" srcset=\"https:\/\/www.iessa.edu.br\/site\/wp-content\/uploads\/2025\/05\/fonoaudiologia-300x300-1.jpg 300w, https:\/\/www.iessa.edu.br\/site\/wp-content\/uploads\/2025\/05\/fonoaudiologia-300x300-1-150x150.jpg 150w\" sizes=\"(max-width: 300px) 100vw, 300px\" \/><\/a><\/figure><div class=\"elementor-image-box-content\"><h3 class=\"elementor-image-box-title\"><a href=\"https:\/\/www.iessa.edu.br\/site\/fonoaudiologia\/\">Fonoaudiologia<\/a><\/h3><\/div><\/div>\t\t\t\t<\/div>\n\t\t\t\t<\/div>\n\t\t<div class=\"elementor-element elementor-element-f23c69c e-con-full e-flex e-con e-child\" data-id=\"f23c69c\" data-element_type=\"container\" data-settings=\"{&quot;background_background&quot;:&quot;classic&quot;}\">\n\t\t\t\t<div class=\"elementor-element elementor-element-42c6a61 elementor-position-top elementor-widget elementor-widget-image-box\" data-id=\"42c6a61\" data-element_type=\"widget\" data-widget_type=\"image-box.default\">\n\t\t\t\t\t<div class=\"elementor-image-box-wrapper\"><figure class=\"elementor-image-box-img\"><a href=\"https:\/\/www.iessa.edu.br\/site\/pedagogia\/\" tabindex=\"-1\"><img loading=\"lazy\" decoding=\"async\" width=\"300\" height=\"300\" src=\"https:\/\/www.iessa.edu.br\/site\/wp-content\/uploads\/2025\/05\/pedagogia-300x300-1.jpg\" class=\"elementor-animation-shrink attachment-full size-full wp-image-62\" alt=\"\" srcset=\"https:\/\/www.iessa.edu.br\/site\/wp-content\/uploads\/2025\/05\/pedagogia-300x300-1.jpg 300w, https:\/\/www.iessa.edu.br\/site\/wp-content\/uploads\/2025\/05\/pedagogia-300x300-1-150x150.jpg 150w\" sizes=\"(max-width: 300px) 100vw, 300px\" \/><\/a><\/figure><div class=\"elementor-image-box-content\"><h3 class=\"elementor-image-box-title\"><a href=\"https:\/\/www.iessa.edu.br\/site\/pedagogia\/\">Pedagogia<\/a><\/h3><\/div><\/div>\t\t\t\t<\/div>\n\t\t\t\t<\/div>\n\t\t\t\t<\/div>\n\t\t\t\t\t<\/div>\n\t\t\t\t<\/div>\n\t\t\t\t<\/div>\n\t\t","protected":false},"excerpt":{"rendered":"<p>Gradua\u00e7\u00e3o A gradua\u00e7\u00e3o na Faculdade Sant\u2019Ana \u00e9 o ponto de partida para quem busca forma\u00e7\u00e3o s\u00f3lida, humanizada e alinhada \u00e0s demandas do mercado de trabalho. Com cursos reconhecidos pelo MEC, estrutura moderna e corpo docente altamente qualificado, oferecemos um ambiente de aprendizado que valoriza a pr\u00e1tica, a pesquisa e o compromisso com a transforma\u00e7\u00e3o social. [&hellip;]<\/p>\n","protected":false},"author":1,"featured_media":0,"parent":0,"menu_order":0,"comment_status":"closed","ping_status":"closed","template":"elementor_header_footer","meta":{"_acf_changed":false,"footnotes":""},"class_list":["post-583","page","type-page","status-publish","hentry"],"acf":[],"_links":{"self":[{"href":"https:\/\/www.iessa.edu.br\/site\/wp-json\/wp\/v2\/pages\/583","targetHints":{"allow":["GET"]}}],"collection":[{"href":"https:\/\/www.iessa.edu.br\/site\/wp-json\/wp\/v2\/pages"}],"about":[{"href":"https:\/\/www.iessa.edu.br\/site\/wp-json\/wp\/v2\/types\/page"}],"author":[{"embeddable":true,"href":"https:\/\/www.iessa.edu.br\/site\/wp-json\/wp\/v2\/users\/1"}],"replies":[{"embeddable":true,"href":"https:\/\/www.iessa.edu.br\/site\/wp-json\/wp\/v2\/comments?post=583"}],"version-history":[{"count":9,"href":"https:\/\/www.iessa.edu.br\/site\/wp-json\/wp\/v2\/pages\/583\/revisions"}],"predecessor-version":[{"id":592,"href":"https:\/\/www.iessa.edu.br\/site\/wp-json\/wp\/v2\/pages\/583\/revisions\/592"}],"wp:attachment":[{"href":"https:\/\/www.iessa.edu.br\/site\/wp-json\/wp\/v2\/media?parent=583"}],"curies":[{"name":"wp","href":"https:\/\/api.w.org\/{rel}","templated":true}]}}