{"id":722,"date":"2025-09-18T19:35:17","date_gmt":"2025-09-18T19:35:17","guid":{"rendered":"https:\/\/www.iessa.edu.br\/site\/?page_id=722"},"modified":"2025-09-18T20:10:09","modified_gmt":"2025-09-18T20:10:09","slug":"pedagogia-2-4","status":"publish","type":"page","link":"https:\/\/www.iessa.edu.br\/site\/pedagogia-2-4\/","title":{"rendered":"NUPEP"},"content":{"rendered":"\t\t<div data-elementor-type=\"wp-page\" data-elementor-id=\"722\" class=\"elementor elementor-722\" data-elementor-post-type=\"page\">\n\t\t\t\t<div class=\"elementor-element elementor-element-9484fd6 e-con-full e-flex e-con e-parent\" data-id=\"9484fd6\" data-element_type=\"container\" data-settings=\"{&quot;background_background&quot;:&quot;classic&quot;}\">\n\t\t<div class=\"elementor-element elementor-element-96e32c5 e-con-full e-flex e-con e-child\" data-id=\"96e32c5\" data-element_type=\"container\">\n\t\t\t\t<div class=\"elementor-element elementor-element-73711a3 elementor-widget elementor-widget-heading\" data-id=\"73711a3\" data-element_type=\"widget\" data-widget_type=\"heading.default\">\n\t\t\t\t\t<h1 class=\"elementor-heading-title elementor-size-default\">N\u00facleo de <br>Pesquisa, Extens\u00e3o<br>e P\u00f3s-gradua\u00e7\u00e3o<\/h1>\t\t\t\t<\/div>\n\t\t\t\t<\/div>\n\t\t<div class=\"elementor-element elementor-element-c409378 e-con-full e-flex e-con e-child\" data-id=\"c409378\" data-element_type=\"container\">\n\t\t\t\t<div class=\"elementor-element elementor-element-bed1b00 elementor-widget elementor-widget-image\" data-id=\"bed1b00\" data-element_type=\"widget\" data-widget_type=\"image.default\">\n\t\t\t\t\t\t\t\t\t\t\t\t\t\t\t<img fetchpriority=\"high\" decoding=\"async\" width=\"300\" height=\"300\" src=\"https:\/\/www.iessa.edu.br\/site\/wp-content\/uploads\/2025\/09\/LOGO-NUPEP-02-300x300.png\" class=\"attachment-medium size-medium wp-image-723\" alt=\"\" srcset=\"https:\/\/www.iessa.edu.br\/site\/wp-content\/uploads\/2025\/09\/LOGO-NUPEP-02-300x300.png 300w, https:\/\/www.iessa.edu.br\/site\/wp-content\/uploads\/2025\/09\/LOGO-NUPEP-02-150x150.png 150w, https:\/\/www.iessa.edu.br\/site\/wp-content\/uploads\/2025\/09\/LOGO-NUPEP-02.png 600w\" sizes=\"(max-width: 300px) 100vw, 300px\" \/>\t\t\t\t\t\t\t\t\t\t\t\t\t\t\t<\/div>\n\t\t\t\t<\/div>\n\t\t\t\t<\/div>\n\t\t<div class=\"elementor-element elementor-element-116743b e-flex e-con-boxed e-con e-parent\" data-id=\"116743b\" data-element_type=\"container\">\n\t\t\t\t\t<div class=\"e-con-inner\">\n\t\t<div class=\"elementor-element elementor-element-e3379b5 e-con-full e-flex e-con e-child\" data-id=\"e3379b5\" data-element_type=\"container\">\n\t\t\t\t<div class=\"elementor-element elementor-element-69981a5 elementor-widget elementor-widget-text-editor\" data-id=\"69981a5\" data-element_type=\"widget\" data-widget_type=\"text-editor.default\">\n\t\t\t\t\t\t\t\t\t<p>O N\u00facleo de Pesquisa, Extens\u00e3o e P\u00f3s-gradua\u00e7\u00e3o (NUPEP) \u00e9 um \u00f3rg\u00e3o executivo, vinculado a Coordenadoria de Ensino, com propostas interdisciplinares, destinadas a coordenar e executar atividades de ensino, pesquisa, extens\u00e3o e p\u00f3s-gradua\u00e7\u00e3o em \u00e1reas afins.<\/p><p>O NUPEP tem como objetivos:<\/p><ul><li>Analisar e emitir parecer em projetos de pesquisa e extens\u00e3o, submetendo \u00e0 delibera\u00e7\u00e3o do CONSUP.<\/li><li>Promover eventos para divulga\u00e7\u00e3o de resultados de projetos cient\u00edficos e pesquisas;<\/li><li>Promover e incentivar os grupos de pesquisa;<\/li><li>Promover, coordenar e acompanhar os cursos de p\u00f3s-gradua\u00e7\u00e3o;<\/li><li>Sugerir e aprovar normas para a execu\u00e7\u00e3o das atividades de pesquisa e extens\u00e3o na IES;<\/li><li>Promover a realiza\u00e7\u00e3o de eventos que propaguem a pesquisa, e a extens\u00e3o junto \u00e0 comunidade acad\u00eamica;<\/li><li>Emitir certificados aos participantes de eventos \/projetos vinculados a IES;<\/li><li>Compor o Conselho Editorial da revista \u201cFaculdade Sant \u00b4Ana em Revista\u201d.<\/li><\/ul><p>\u00a0\u00a0\u00a0\u00a0\u00a0\u00a0\u00a0\u00a0\u00a0\u00a0\u00a0 A Faculdade Sant\u00b4Ana, concebe que a pesquisa desempenha papel fundamental na consolida\u00e7\u00e3o da produ\u00e7\u00e3o e dissemina\u00e7\u00e3o do conhecimento, elementos indissoci\u00e1veis, respeitando o princ\u00edpio da indissociabilidade entre Ensino, Pesquisa e Extens\u00e3o.<\/p><p>Nas atividades de Pesquisa s\u00e3o realizado Eventos Cient\u00edficos e Culturais a exemplo:<\/p><p>&#8211; Dia da Mulher<\/p><p>&#8211; Jornada de Sa\u00fade Mental<\/p><p>&#8211; F\u00f3rum de Pedagogia<\/p><p>&#8211; Mostra Cultural<\/p><p>&#8211; Semana do Psic\u00f3logo<\/p><p>&#8211; Semana de Educa\u00e7\u00e3o F\u00edsica<\/p><p>&#8211; Encontro de Fonoaudiologia<\/p><p>&#8211; Jornada Cient\u00edfica dos Campos Gerais<\/p><p>&#8211; Dia da Consci\u00eancia Negra<\/p><p>Al\u00e9m dos eventos cient\u00edficos e culturais citado acima, temos o peri\u00f3dico &#8220;Faculdade Sant&#8217;Ana em Revista&#8221;, destinado a publica\u00e7\u00e3o das produ\u00e7\u00f5es cient\u00edficas e acad\u00eamicas da institui\u00e7\u00e3o, de outras IES e pesquisadores em geral.<\/p><p>Em rela\u00e7\u00e3o ao programa de Extens\u00e3o, a Faculdade Sant\u00b4Ana, desenvolve projetos de extens\u00e3o e presta\u00e7\u00e3o de servi\u00e7os \u00e0 comunidade para que possam contribuir para a promo\u00e7\u00e3o da qualidade do ensino e a divulga\u00e7\u00e3o das atividades de pesquisa, fortalecendo a produ\u00e7\u00e3o cient\u00edfica e cultural.<\/p><p>Para a realiza\u00e7\u00e3o de eventos, cursos e projetos de pesquisa \/extens\u00e3o o proponente deve seguir o roteiro dispon\u00edvel para download abaixo, que deve ser encaminhado para o e-mail: <strong><a href=\"mailto:nupep@iessa.edu.br\">nupep@iessa.edu.br<\/a><\/strong>, seguindo as normas do edital em quest\u00e3o.<\/p>\t\t\t\t\t\t\t\t<\/div>\n\t\t\t\t<\/div>\n\t\t\t\t\t<\/div>\n\t\t\t\t<\/div>\n\t\t<div class=\"elementor-element elementor-element-d161ac8 e-con-full e-flex e-con e-parent\" data-id=\"d161ac8\" data-element_type=\"container\" data-settings=\"{&quot;background_background&quot;:&quot;classic&quot;}\">\n\t\t<div class=\"elementor-element elementor-element-c995321 e-flex e-con-boxed e-con e-child\" data-id=\"c995321\" data-element_type=\"container\">\n\t\t\t\t\t<div class=\"e-con-inner\">\n\t\t\t\t<div class=\"elementor-element elementor-element-deba7a3 e-n-tabs-mobile elementor-widget elementor-widget-n-tabs\" data-id=\"deba7a3\" data-element_type=\"widget\" data-settings=\"{&quot;horizontal_scroll_mobile&quot;:&quot;disable&quot;,&quot;horizontal_scroll&quot;:&quot;disable&quot;}\" data-widget_type=\"nested-tabs.default\">\n\t\t\t\t\t\t\t<div class=\"e-n-tabs\" data-widget-number=\"233547683\" aria-label=\"Abas. Abra itens com &quot;Enter&quot; ou &quot;Espa\u00e7o&quot;, feche com &quot;Escape&quot; e navegue usando as teclas de &quot;Seta&quot;.\">\n\t\t\t<div class=\"e-n-tabs-heading\" role=\"tablist\">\n\t\t\t\t\t<button id=\"e-n-tab-title-2335476831\" class=\"e-n-tab-title\" aria-selected=\"true\" data-tab-index=\"1\" role=\"tab\" tabindex=\"0\" aria-controls=\"e-n-tab-content-2335476831\" style=\"--n-tabs-title-order: 1;\">\n\t\t\t\t\t\t<span class=\"e-n-tab-title-text\">\n\t\t\t\tDocumentos para download\t\t\t<\/span>\n\t\t<\/button>\n\t\t\t\t\t<\/div>\n\t\t\t<div class=\"e-n-tabs-content\">\n\t\t\t\t<div id=\"e-n-tab-content-2335476831\" role=\"tabpanel\" aria-labelledby=\"e-n-tab-title-2335476831\" data-tab-index=\"1\" style=\"--n-tabs-title-order: 1;\" class=\"e-active elementor-element elementor-element-9a0fea6 e-con-full e-flex e-con e-child\" data-id=\"9a0fea6\" data-element_type=\"container\">\n\t\t<div class=\"elementor-element elementor-element-6364c9c e-flex e-con-boxed e-con e-child\" data-id=\"6364c9c\" data-element_type=\"container\">\n\t\t\t\t\t<div class=\"e-con-inner\">\n\t\t\t\t<div class=\"elementor-element elementor-element-460a3d7 elementor-widget elementor-widget-shortcode\" data-id=\"460a3d7\" data-element_type=\"widget\" data-widget_type=\"shortcode.default\">\n\t\t\t\t\t\t\t<div class=\"elementor-shortcode\"><div id=\"footable_parent_731\"\n         class=\" footable_parent ninja_table_wrapper loading_ninja_table wp_table_data_press_parent semantic_ui \">\n                <table data-ninja_table_instance=\"ninja_table_instance_0\" data-footable_id=\"731\" data-filter-delay=\"1000\" aria-label=\"Documentos para download\"            id=\"footable_731\"\n           data-unique_identifier=\"ninja_table_unique_id_1246326729_731\"\n           class=\" foo-table ninja_footable foo_table_731 ninja_table_unique_id_1246326729_731 ui table  ninja_search_right nt_type_ajax_table selectable striped vertical_centered  footable-paging-center ninja_table_search_disabled\">\n                <colgroup>\n                            <col class=\"ninja_column_0 \">\n                            <col class=\"ninja_column_1 \">\n                    <\/colgroup>\n            <\/table>\n    \n    \n    \n<\/div>\n<\/div>\n\t\t\t\t\t\t<\/div>\n\t\t\t\t\t<\/div>\n\t\t\t\t<\/div>\n\t\t\t\t<\/div>\n\t\t\t\t\t<\/div>\n\t\t<\/div>\n\t\t\t\t\t\t<\/div>\n\t\t\t\t\t<\/div>\n\t\t\t\t<\/div>\n\t\t\t\t<\/div>\n\t\t<div class=\"elementor-element elementor-element-579d84c e-con-full e-flex e-con e-parent\" data-id=\"579d84c\" data-element_type=\"container\">\n\t\t<div class=\"elementor-element elementor-element-101c51a e-con-full e-flex e-con e-child\" data-id=\"101c51a\" data-element_type=\"container\">\n\t\t<div class=\"elementor-element elementor-element-1ac11b5 e-con-full e-flex e-con e-child\" data-id=\"1ac11b5\" data-element_type=\"container\">\n\t\t<div class=\"elementor-element elementor-element-a3c0655 e-con-full e-flex e-con e-child\" data-id=\"a3c0655\" data-element_type=\"container\" data-settings=\"{&quot;background_background&quot;:&quot;classic&quot;}\">\n\t\t<div class=\"elementor-element elementor-element-7547a39 e-con-full e-flex e-con e-child\" data-id=\"7547a39\" data-element_type=\"container\">\n\t\t\t\t<div class=\"elementor-element elementor-element-59b1571 elementor-widget elementor-widget-text-editor\" data-id=\"59b1571\" data-element_type=\"widget\" data-widget_type=\"text-editor.default\">\n\t\t\t\t\t\t\t\t\tEscolha o curso da sua vida.<br> Venha estudar em uma das mais respeitadas institui\u00e7\u00f5es de ensino da regi\u00e3o.\t\t\t\t\t\t\t\t<\/div>\n\t\t\t\t<\/div>\n\t\t<div class=\"elementor-element elementor-element-8a58894 e-con-full e-flex e-con e-child\" data-id=\"8a58894\" data-element_type=\"container\">\n\t\t\t\t<div class=\"elementor-element elementor-element-bc6416d elementor-align-center elementor-widget elementor-widget-button\" data-id=\"bc6416d\" data-element_type=\"widget\" data-widget_type=\"button.default\">\n\t\t\t\t\t\t\t\t\t\t<a class=\"elementor-button elementor-button-link elementor-size-sm\" href=\"#\">\n\t\t\t\t\t\t<span class=\"elementor-button-content-wrapper\">\n\t\t\t\t\t\t\t\t\t<span class=\"elementor-button-text\">FA\u00c7A AGORA SUA INSCRI\u00c7\u00c3O<\/span>\n\t\t\t\t\t<\/span>\n\t\t\t\t\t<\/a>\n\t\t\t\t\t\t\t\t<\/div>\n\t\t\t\t<\/div>\n\t\t\t\t<\/div>\n\t\t\t\t<\/div>\n\t\t\t\t<\/div>\n\t\t\t\t<\/div>\n\t\t<div class=\"elementor-element elementor-element-d276aad e-con-full e-flex e-con e-parent\" data-id=\"d276aad\" data-element_type=\"container\" data-settings=\"{&quot;background_background&quot;:&quot;classic&quot;}\">\n\t\t\t\t<div class=\"elementor-element elementor-element-ad8803c elementor-widget elementor-widget-heading\" data-id=\"ad8803c\" data-element_type=\"widget\" data-widget_type=\"heading.default\">\n\t\t\t\t\t<h2 class=\"elementor-heading-title elementor-size-default\">Conhe\u00e7a outros cursos<\/h2>\t\t\t\t<\/div>\n\t\t\t\t<\/div>\n\t\t<div class=\"elementor-element elementor-element-6279ec4 e-flex e-con-boxed e-con e-parent\" data-id=\"6279ec4\" data-element_type=\"container\">\n\t\t\t\t\t<div class=\"e-con-inner\">\n\t\t<div class=\"elementor-element elementor-element-7c9f398 e-con-full e-flex e-con e-child\" data-id=\"7c9f398\" data-element_type=\"container\">\n\t\t\t\t<div class=\"elementor-element elementor-element-881d556 elementor-position-top elementor-widget elementor-widget-image-box\" data-id=\"881d556\" data-element_type=\"widget\" data-widget_type=\"image-box.default\">\n\t\t\t\t\t<div class=\"elementor-image-box-wrapper\"><figure class=\"elementor-image-box-img\"><a href=\"https:\/\/www.iessa.edu.br\/site\/psicologia\/\" tabindex=\"-1\"><img decoding=\"async\" width=\"300\" height=\"300\" src=\"https:\/\/www.iessa.edu.br\/site\/wp-content\/uploads\/2025\/05\/psicologia-300x300-1.jpg\" class=\"elementor-animation-shrink attachment-full size-full wp-image-63\" alt=\"\" srcset=\"https:\/\/www.iessa.edu.br\/site\/wp-content\/uploads\/2025\/05\/psicologia-300x300-1.jpg 300w, https:\/\/www.iessa.edu.br\/site\/wp-content\/uploads\/2025\/05\/psicologia-300x300-1-150x150.jpg 150w\" sizes=\"(max-width: 300px) 100vw, 300px\" \/><\/a><\/figure><div class=\"elementor-image-box-content\"><h3 class=\"elementor-image-box-title\"><a href=\"https:\/\/www.iessa.edu.br\/site\/psicologia\/\">Psicologia<\/a><\/h3><\/div><\/div>\t\t\t\t<\/div>\n\t\t\t\t<\/div>\n\t\t<div class=\"elementor-element elementor-element-461baab e-con-full e-flex e-con e-child\" data-id=\"461baab\" data-element_type=\"container\">\n\t\t\t\t<div class=\"elementor-element elementor-element-5f651f7 elementor-position-top elementor-widget elementor-widget-image-box\" data-id=\"5f651f7\" data-element_type=\"widget\" data-widget_type=\"image-box.default\">\n\t\t\t\t\t<div class=\"elementor-image-box-wrapper\"><figure class=\"elementor-image-box-img\"><a href=\"https:\/\/www.iessa.edu.br\/site\/fonoaudiologia\/\" tabindex=\"-1\"><img decoding=\"async\" width=\"300\" height=\"300\" src=\"https:\/\/www.iessa.edu.br\/site\/wp-content\/uploads\/2025\/05\/fonoaudiologia-300x300-1.jpg\" class=\"elementor-animation-shrink attachment-full size-full wp-image-61\" alt=\"\" srcset=\"https:\/\/www.iessa.edu.br\/site\/wp-content\/uploads\/2025\/05\/fonoaudiologia-300x300-1.jpg 300w, https:\/\/www.iessa.edu.br\/site\/wp-content\/uploads\/2025\/05\/fonoaudiologia-300x300-1-150x150.jpg 150w\" sizes=\"(max-width: 300px) 100vw, 300px\" \/><\/a><\/figure><div class=\"elementor-image-box-content\"><h3 class=\"elementor-image-box-title\"><a href=\"https:\/\/www.iessa.edu.br\/site\/fonoaudiologia\/\">Fonoaudiologia<\/a><\/h3><\/div><\/div>\t\t\t\t<\/div>\n\t\t\t\t<\/div>\n\t\t<div class=\"elementor-element elementor-element-7f02d48 e-con-full e-flex e-con e-child\" data-id=\"7f02d48\" data-element_type=\"container\">\n\t\t\t\t<div class=\"elementor-element elementor-element-78bfc74 elementor-position-top elementor-widget elementor-widget-image-box\" data-id=\"78bfc74\" data-element_type=\"widget\" data-widget_type=\"image-box.default\">\n\t\t\t\t\t<div class=\"elementor-image-box-wrapper\"><figure class=\"elementor-image-box-img\"><a href=\"https:\/\/www.iessa.edu.br\/site\/educacaofisica\/\" tabindex=\"-1\"><img loading=\"lazy\" decoding=\"async\" width=\"300\" height=\"300\" src=\"https:\/\/www.iessa.edu.br\/site\/wp-content\/uploads\/2025\/05\/educacao-fisica-300x300-1.jpg\" class=\"elementor-animation-shrink attachment-full size-full wp-image-60\" alt=\"\" srcset=\"https:\/\/www.iessa.edu.br\/site\/wp-content\/uploads\/2025\/05\/educacao-fisica-300x300-1.jpg 300w, https:\/\/www.iessa.edu.br\/site\/wp-content\/uploads\/2025\/05\/educacao-fisica-300x300-1-150x150.jpg 150w\" sizes=\"(max-width: 300px) 100vw, 300px\" \/><\/a><\/figure><div class=\"elementor-image-box-content\"><h3 class=\"elementor-image-box-title\"><a href=\"https:\/\/www.iessa.edu.br\/site\/educacaofisica\/\">Educa\u00e7\u00e3o F\u00edsica<\/a><\/h3><\/div><\/div>\t\t\t\t<\/div>\n\t\t\t\t<\/div>\n\t\t\t\t\t<\/div>\n\t\t\t\t<\/div>\n\t\t<div class=\"elementor-element elementor-element-655d0db e-flex e-con-boxed e-con e-parent\" data-id=\"655d0db\" data-element_type=\"container\">\n\t\t\t\t\t<div class=\"e-con-inner\">\n\t\t\t\t\t<\/div>\n\t\t\t\t<\/div>\n\t\t\t\t<\/div>\n\t\t","protected":false},"excerpt":{"rendered":"<p>N\u00facleo de Pesquisa, Extens\u00e3oe P\u00f3s-gradua\u00e7\u00e3o O N\u00facleo de Pesquisa, Extens\u00e3o e P\u00f3s-gradua\u00e7\u00e3o (NUPEP) \u00e9 um \u00f3rg\u00e3o executivo, vinculado a Coordenadoria de Ensino, com propostas interdisciplinares, destinadas a coordenar e executar atividades de ensino, pesquisa, extens\u00e3o e p\u00f3s-gradua\u00e7\u00e3o em \u00e1reas afins. O NUPEP tem como objetivos: Analisar e emitir parecer em projetos de pesquisa e extens\u00e3o, [&hellip;]<\/p>\n","protected":false},"author":1,"featured_media":0,"parent":0,"menu_order":0,"comment_status":"closed","ping_status":"closed","template":"elementor_header_footer","meta":{"_acf_changed":false,"footnotes":""},"class_list":["post-722","page","type-page","status-publish","hentry"],"acf":[],"_links":{"self":[{"href":"https:\/\/www.iessa.edu.br\/site\/wp-json\/wp\/v2\/pages\/722","targetHints":{"allow":["GET"]}}],"collection":[{"href":"https:\/\/www.iessa.edu.br\/site\/wp-json\/wp\/v2\/pages"}],"about":[{"href":"https:\/\/www.iessa.edu.br\/site\/wp-json\/wp\/v2\/types\/page"}],"author":[{"embeddable":true,"href":"https:\/\/www.iessa.edu.br\/site\/wp-json\/wp\/v2\/users\/1"}],"replies":[{"embeddable":true,"href":"https:\/\/www.iessa.edu.br\/site\/wp-json\/wp\/v2\/comments?post=722"}],"version-history":[{"count":18,"href":"https:\/\/www.iessa.edu.br\/site\/wp-json\/wp\/v2\/pages\/722\/revisions"}],"predecessor-version":[{"id":745,"href":"https:\/\/www.iessa.edu.br\/site\/wp-json\/wp\/v2\/pages\/722\/revisions\/745"}],"wp:attachment":[{"href":"https:\/\/www.iessa.edu.br\/site\/wp-json\/wp\/v2\/media?parent=722"}],"curies":[{"name":"wp","href":"https:\/\/api.w.org\/{rel}","templated":true}]}}